{"id":3,"date":"2019-12-20T14:35:17","date_gmt":"2019-12-20T13:35:17","guid":{"rendered":"http:\/\/favrelavocat.com\/?page_id=3"},"modified":"2020-06-11T14:26:32","modified_gmt":"2020-06-11T12:26:32","slug":"politique-de-confidentialite","status":"publish","type":"page","link":"https:\/\/favrelavocat.com\/index.php\/politique-de-confidentialite\/","title":{"rendered":"Politique de confidentialit\u00e9"},"content":{"rendered":"<h2 class=\"wp-block-heading\"><strong>Editeur<\/strong><\/h2><p>Vous \u00eates actuellement connect\u00e9 au site internet : https:\/\/favrelavocat.com., \u00e9dit\u00e9 par Gr\u00e2ce FAVREL, inscrite au barreau de Paris, SIREN : 883030470, si\u00e8ge social : 160, rue du Temple 75003 Paris, France ; t\u00e9l\u00e9phone : +33635572895; mail: contact@favrelavocat.com;<br>Le directeur de la publication et responsable de la r\u00e9daction est Gr\u00e2ce Favrel, contact@favrelavocat.com.<\/p><hr class=\"wp-block-separator has-text-color has-background has-luminous-vivid-amber-background-color has-luminous-vivid-amber-color is-style-dots\"\/><h2 class=\"wp-block-heading\"><strong>H\u00e9bergeur<\/strong><\/h2><p>Le Site est h\u00e9berg\u00e9 par OVH, si\u00e8ge social : 2, rue Kellermann, 59100 Roubaix, France<br>t\u00e9l\u00e9phone : +330820698765.<\/p><hr class=\"wp-block-separator has-text-color has-background has-luminous-vivid-amber-background-color has-luminous-vivid-amber-color is-style-dots\"\/><p><\/p><h2 class=\"wp-block-heading\"><strong>Utilisation des donn\u00e9es personnelles collect\u00e9es<\/strong><\/h2><hr class=\"wp-block-separator has-text-color has-background has-very-light-gray-background-color has-very-light-gray-color is-style-dots\"\/><h3 class=\"wp-block-heading\"><em>Commentaires<\/em><\/h3><p>Quand vous laissez un commentaire sur notre site web, les donn\u00e9es inscrites dans le formulaire de commentaire, mais aussi votre adresse IP et l\u2019agent utilisateur de votre navigateur sont collect\u00e9s pour nous aider \u00e0 la d\u00e9tection des commentaires ind\u00e9sirables.<\/p><hr class=\"wp-block-separator has-text-color has-background has-very-light-gray-background-color has-very-light-gray-color is-style-dots\"\/><h3 class=\"wp-block-heading\"><em>Formulaires de contact<\/em><\/h3><hr class=\"wp-block-separator has-text-color has-background has-very-light-gray-background-color has-very-light-gray-color is-style-dots\"\/><h4 class=\"wp-block-heading\">Cookies<\/h4><p>Si vous d\u00e9posez un commentaire sur notre site, il vous sera propos\u00e9 d\u2019enregistrer votre nom, adresse de messagerie et site web dans des cookies. C\u2019est uniquement pour votre confort afin de ne pas avoir \u00e0 saisir ces informations si vous d\u00e9posez un autre commentaire plus tard. Ces cookies expirent au bout d\u2019un an.<\/p><p>Si vous avez un compte et que vous vous connectez sur ce site, un cookie temporaire sera cr\u00e9\u00e9 afin de d\u00e9terminer si votre navigateur accepte les cookies. Il ne contient pas de donn\u00e9es personnelles et sera supprim\u00e9 automatiquement \u00e0 la fermeture de votre navigateur.<\/p><p>Lorsque vous vous connecterez, nous mettrons en place un certain nombre de cookies pour enregistrer vos informations de connexion et vos pr\u00e9f\u00e9rences d\u2019\u00e9cran. La dur\u00e9e de vie d\u2019un cookie de connexion est de deux jours, celle d\u2019un cookie d\u2019option d\u2019\u00e9cran est d\u2019un an. Si vous cochez \u00ab&nbsp;Se souvenir de moi&nbsp;\u00bb, votre cookie de connexion sera conserv\u00e9 pendant deux semaines. Si vous vous d\u00e9connectez de votre compte, le cookie de connexion sera effac\u00e9.<\/p><p>En modifiant ou en publiant une publication, un cookie suppl\u00e9mentaire sera enregistr\u00e9 dans votre navigateur. Ce cookie ne comprend aucune donn\u00e9e personnelle. Il indique simplement l\u2019ID de la publication que vous venez de modifier. Il expire au bout d\u2019un jour.<\/p><hr class=\"wp-block-separator has-text-color has-background has-very-light-gray-background-color has-very-light-gray-color is-style-dots\"\/><h4 class=\"wp-block-heading\"><em>Contenu embarqu\u00e9 depuis d\u2019autres sites<\/em><\/h4><p>Les articles de ce site peuvent inclure des contenus int\u00e9gr\u00e9s (par exemple des vid\u00e9os, images, articles\u2026). Le contenu int\u00e9gr\u00e9 depuis d\u2019autres sites se comporte de la m\u00eame mani\u00e8re que si le visiteur se rendait sur cet autre site.<\/p><p>Ces sites web pourraient collecter des donn\u00e9es sur vous, utiliser des cookies, embarquer des outils de suivis tiers, suivre vos interactions avec ces contenus embarqu\u00e9s si vous disposez d\u2019un compte connect\u00e9 sur leur site web.<\/p><hr class=\"wp-block-separator has-text-color has-background has-very-light-gray-background-color has-very-light-gray-color is-style-dots\"\/><h2 class=\"wp-block-heading\"><strong>Statistiques et mesures d\u2019audience<\/strong><\/h2><p>Nous utilisons des cookies qui identifient votre navigateur. Ils collectent et stockent des informations lorsque vous visitez notre site Web sur la fa\u00e7on dont vous l&rsquo;utilisez, gr\u00e2ce auxquelles il est possible d&rsquo;enregistrer votre utilisation du site Web, ainsi que de vous fournir un meilleur service et une meilleure exp\u00e9rience lors de la navigation et \u00e0 des fins d&rsquo;analyse. Les donn\u00e9es personnelles que nous collectons gr\u00e2ce \u00e0 ces technologies seront \u00e9galement utilis\u00e9es pour g\u00e9rer votre session.<\/p><hr class=\"wp-block-separator has-text-color has-background has-very-light-gray-background-color has-very-light-gray-color is-style-dots\"\/><h2 class=\"wp-block-heading\"><strong>Dur\u00e9es de stockage de vos donn\u00e9es<\/strong><\/h2><p>Si vous laissez un commentaire, le commentaire et ses m\u00e9tadonn\u00e9es sont conserv\u00e9s ind\u00e9finiment. Cela permet de reconna\u00eetre et approuver automatiquement les commentaires suivants au lieu de les laisser dans la file de mod\u00e9ration.<\/p><p>Pour les utilisateurs et utilisatrices qui s\u2019enregistrent sur notre site (si cela est possible), nous stockons \u00e9galement les donn\u00e9es personnelles indiqu\u00e9es dans leur profil. Tous les utilisateurs et utilisatrices peuvent voir, modifier ou supprimer leurs informations personnelles \u00e0 tout moment (\u00e0 l\u2019exception de leur nom d\u2019utilisateur\u00b7ice). Les gestionnaires du site peuvent aussi voir et modifier ces informations.<\/p><hr class=\"wp-block-separator has-text-color has-background has-very-light-gray-background-color has-very-light-gray-color is-style-dots\"\/><h2 class=\"wp-block-heading\"><strong>Les droits que vous avez sur vos donn\u00e9es<\/strong><\/h2><p>Si vous avez un compte ou si vous avez laiss\u00e9 des commentaires sur le site, vous pouvez demander \u00e0 recevoir un fichier contenant toutes les donn\u00e9es personnelles que nous poss\u00e9dons \u00e0 votre sujet, incluant celles que vous nous avez fournies. Vous pouvez \u00e9galement demander la suppression, la rectification des donn\u00e9es personnelles vous concernant. Cela ne prend pas en compte les donn\u00e9es stock\u00e9es \u00e0 des fins administratives, l\u00e9gales ou pour des raisons de s\u00e9curit\u00e9.<\/p><hr class=\"wp-block-separator has-text-color has-background has-very-light-gray-background-color has-very-light-gray-color is-style-dots\"\/><p><\/p>","protected":false},"excerpt":{"rendered":"<p>Editeur Vous \u00eates actuellement connect\u00e9 au site internet : https:\/\/favrelavocat.com., \u00e9dit\u00e9 par Gr\u00e2ce FAVREL, inscrite au barreau de Paris, SIREN : 883030470, si\u00e8ge&#8230;<\/p>\n","protected":false},"author":1,"featured_media":0,"parent":0,"menu_order":0,"comment_status":"closed","ping_status":"closed","template":"","meta":{"footnotes":""},"class_list":["post-3","page","type-page","status-publish","hentry"],"yoast_head":"<!-- This site is optimized with the Yoast SEO plugin v25.2 - https:\/\/yoast.com\/wordpress\/plugins\/seo\/ -->\n<title>Politique de confidentialit\u00e9 - Favrel Avocat<\/title>\n<meta name=\"description\" content=\"Editeur Vous \u00eates actuellement connect\u00e9 au site internet : https:\/\/favrelavocat.com., \u00e9dit\u00e9 par Gr\u00e2ce FAVREL, inscrite au barreau de Paris, SIREN :\" \/>\n<meta name=\"robots\" content=\"noindex, nofollow\" \/>\n<meta property=\"og:locale\" content=\"fr_FR\" \/>\n<meta property=\"og:type\" content=\"article\" \/>\n<meta property=\"og:title\" content=\"Politique de confidentialit\u00e9 - Favrel Avocat\" \/>\n<meta property=\"og:description\" content=\"Editeur Vous \u00eates actuellement connect\u00e9 au site internet : https:\/\/favrelavocat.com., \u00e9dit\u00e9 par Gr\u00e2ce FAVREL, inscrite au barreau de Paris, SIREN :\" \/>\n<meta property=\"og:url\" content=\"https:\/\/favrelavocat.com\/index.php\/politique-de-confidentialite\/\" \/>\n<meta property=\"og:site_name\" content=\"Favrel Avocat\" \/>\n<meta property=\"article:modified_time\" content=\"2020-06-11T12:26:32+00:00\" \/>\n<meta name=\"twitter:card\" content=\"summary_large_image\" \/>\n<meta name=\"twitter:label1\" content=\"Dur\u00e9e de lecture estim\u00e9e\" \/>\n\t<meta name=\"twitter:data1\" content=\"4 minutes\" \/>\n<!-- \/ Yoast SEO plugin. -->","yoast_head_json":{"title":"Politique de confidentialit\u00e9 - Favrel Avocat","description":"Editeur Vous \u00eates actuellement connect\u00e9 au site internet : https:\/\/favrelavocat.com., \u00e9dit\u00e9 par Gr\u00e2ce FAVREL, inscrite au barreau de Paris, SIREN :","robots":{"index":"noindex","follow":"nofollow"},"og_locale":"fr_FR","og_type":"article","og_title":"Politique de confidentialit\u00e9 - Favrel Avocat","og_description":"Editeur Vous \u00eates actuellement connect\u00e9 au site internet : https:\/\/favrelavocat.com., \u00e9dit\u00e9 par Gr\u00e2ce FAVREL, inscrite au barreau de Paris, SIREN :","og_url":"https:\/\/favrelavocat.com\/index.php\/politique-de-confidentialite\/","og_site_name":"Favrel Avocat","article_modified_time":"2020-06-11T12:26:32+00:00","twitter_card":"summary_large_image","twitter_misc":{"Dur\u00e9e de lecture estim\u00e9e":"4 minutes"},"schema":{"@context":"https:\/\/schema.org","@graph":[{"@type":"WebPage","@id":"https:\/\/favrelavocat.com\/index.php\/politique-de-confidentialite\/","url":"https:\/\/favrelavocat.com\/index.php\/politique-de-confidentialite\/","name":"Politique de confidentialit\u00e9 - Favrel Avocat","isPartOf":{"@id":"https:\/\/favrelavocat.com\/#website"},"datePublished":"2019-12-20T13:35:17+00:00","dateModified":"2020-06-11T12:26:32+00:00","description":"Editeur Vous \u00eates actuellement connect\u00e9 au site internet : https:\/\/favrelavocat.com., \u00e9dit\u00e9 par Gr\u00e2ce FAVREL, inscrite au barreau de Paris, SIREN :","breadcrumb":{"@id":"https:\/\/favrelavocat.com\/index.php\/politique-de-confidentialite\/#breadcrumb"},"inLanguage":"fr-FR","potentialAction":[{"@type":"ReadAction","target":["https:\/\/favrelavocat.com\/index.php\/politique-de-confidentialite\/"]}]},{"@type":"BreadcrumbList","@id":"https:\/\/favrelavocat.com\/index.php\/politique-de-confidentialite\/#breadcrumb","itemListElement":[{"@type":"ListItem","position":1,"name":"Home","item":"https:\/\/favrelavocat.com\/"},{"@type":"ListItem","position":2,"name":"Politique de confidentialit\u00e9"}]},{"@type":"WebSite","@id":"https:\/\/favrelavocat.com\/#website","url":"https:\/\/favrelavocat.com\/","name":"Favrel Avocat","description":"International Law","publisher":{"@id":"https:\/\/favrelavocat.com\/#organization"},"potentialAction":[{"@type":"SearchAction","target":{"@type":"EntryPoint","urlTemplate":"https:\/\/favrelavocat.com\/?s={search_term_string}"},"query-input":{"@type":"PropertyValueSpecification","valueRequired":true,"valueName":"search_term_string"}}],"inLanguage":"fr-FR"},{"@type":"Organization","@id":"https:\/\/favrelavocat.com\/#organization","name":"Favrel avocat","url":"https:\/\/favrelavocat.com\/","logo":{"@type":"ImageObject","inLanguage":"fr-FR","@id":"https:\/\/favrelavocat.com\/#\/schema\/logo\/image\/","url":"https:\/\/favrelavocat.com\/wp-content\/uploads\/2020\/02\/text42911-1.png","contentUrl":"https:\/\/favrelavocat.com\/wp-content\/uploads\/2020\/02\/text42911-1.png","width":1615,"height":627,"caption":"Favrel avocat"},"image":{"@id":"https:\/\/favrelavocat.com\/#\/schema\/logo\/image\/"}}]}},"_links":{"self":[{"href":"https:\/\/favrelavocat.com\/index.php\/wp-json\/wp\/v2\/pages\/3","targetHints":{"allow":["GET"]}}],"collection":[{"href":"https:\/\/favrelavocat.com\/index.php\/wp-json\/wp\/v2\/pages"}],"about":[{"href":"https:\/\/favrelavocat.com\/index.php\/wp-json\/wp\/v2\/types\/page"}],"author":[{"embeddable":true,"href":"https:\/\/favrelavocat.com\/index.php\/wp-json\/wp\/v2\/users\/1"}],"replies":[{"embeddable":true,"href":"https:\/\/favrelavocat.com\/index.php\/wp-json\/wp\/v2\/comments?post=3"}],"version-history":[{"count":10,"href":"https:\/\/favrelavocat.com\/index.php\/wp-json\/wp\/v2\/pages\/3\/revisions"}],"predecessor-version":[{"id":20783,"href":"https:\/\/favrelavocat.com\/index.php\/wp-json\/wp\/v2\/pages\/3\/revisions\/20783"}],"wp:attachment":[{"href":"https:\/\/favrelavocat.com\/index.php\/wp-json\/wp\/v2\/media?parent=3"}],"curies":[{"name":"wp","href":"https:\/\/api.w.org\/{rel}","templated":true}]}}