{"id":20817,"date":"2014-06-20T14:31:15","date_gmt":"2014-06-20T12:31:15","guid":{"rendered":"https:\/\/favrelavocat.com\/?page_id=20817"},"modified":"2025-12-06T10:17:13","modified_gmt":"2025-12-06T09:17:13","slug":"home2","status":"publish","type":"page","link":"https:\/\/favrelavocat.com\/index.php\/en\/","title":{"rendered":"Home"},"content":{"rendered":"<p>[vc_row row_type=\u00a0\u00bbrow\u00a0\u00bb type=\u00a0\u00bbfull_width\u00a0\u00bb text_align=\u00a0\u00bbleft\u00a0\u00bb video=\u00a0\u00bb\u00a0\u00bb css_animation=\u00a0\u00bb\u00a0\u00bb][vc_column]<div class=\"custom_font_holder\" style=\" font-style: normal; text-decoration: none; text-align: left;\"><\/p>\n<h1><strong>DEFENDING HUMAN RIGHTS AND THE ENVIRONMENT<\/strong><\/h1>\n<p><\/div>[vc_separator type=\u00a0\u00bbtransparent\u00a0\u00bb down=\u00a0\u00bb25&Prime;][vc_column_text]<\/p>\n<p data-start=\"73\" data-end=\"667\">Located in the heart of Paris, the firm positions itself as a human-sized boutique practice dedicated to providing personalised support to clients facing complex issues, often involving an international dimension.<\/p>\n<p data-start=\"73\" data-end=\"667\">Specialised in the protection of human rights and environmental law, the firm assists both individuals and companies before national and international courts. It represents victims of serious violations of fundamental rights, supports actors committed to environmental protection, and advises businesses on compliance matters, particularly regarding due diligence obligations.<\/p>\n<p data-start=\"669\" data-end=\"907\">With recognised expertise in international law and strategic litigation, the firm also represents clients before bodies such as the European Court of Human Rights, the Court of Justice of the European Union, and United Nations mechanisms.<\/p>\n<p>For more information, please click\u00a0<a href=\"https:\/\/favrelavocat.com\/index.php\/grace-favrel-human-rights-barrister\/\">here<\/a><\/p>\n<p>To discover our practice and learn more about how we work, book a 30 min consultation <a href=\"https:\/\/outlook.office.com\/book\/FAVRELAvocat1@favrelavocat.com\/\">here<\/a>[\/vc_column_text][vc_separator type=\u00a0\u00bbtransparent\u00a0\u00bb up=\u00a0\u00bb90&Prime; down=\u00a0\u00bb0&Prime;][\/vc_column][\/vc_row][vc_row row_type=\u00a0\u00bbrow\u00a0\u00bb type=\u00a0\u00bbfull_width\u00a0\u00bb text_align=\u00a0\u00bbleft\u00a0\u00bb video=\u00a0\u00bb\u00a0\u00bb css_animation=\u00a0\u00bb\u00a0\u00bb][vc_column width=\u00a0\u00bb1\/3&Prime;]<div class='q_icon_with_title  circle'><div class=\"icon_holder \" style=\" \"><div class=\"icon_holder_inner\" style=\"border-color: #ffffff;\"><span class=\"q_font_elegant_holder circle  custom-font\" style=\"font-size: 25px;border-color: #ffffff;background-color: #ecae80;\"><span class=\"icon_text_icon q_font_elegant_icon icon_currency_alt\" aria-hidden=\"true\"><\/span><\/span><\/div><\/div><div class=\"icon_text_holder\" style=\"padding-left: 99px\"><div class=\"icon_text_inner\" style=\"\"><h5 class=\"icon_title\" style=\"\">Understandable billing<\/h5><p style=''>Our rates are clear. Clients who wishes can opt for flat rate billing to avoid surprises.<\/p><\/div><\/div><\/div>[\/vc_column][vc_column width=\u00a0\u00bb1\/3&Prime;]<div class='q_icon_with_title  circle'><div class=\"icon_holder \" style=\" \"><div class=\"icon_holder_inner\" style=\"border-color: #ffffff;\"><span class=\"q_font_elegant_holder circle  custom-font\" style=\"font-size: 25px;border-color: #ffffff;background-color: #ecae80;\"><span class=\"icon_text_icon q_font_elegant_icon icon_clock_alt\" aria-hidden=\"true\"><\/span><\/span><\/div><\/div><div class=\"icon_text_holder\" style=\"padding-left: 99px\"><div class=\"icon_text_inner\" style=\"\"><h5 class=\"icon_title\" style=\"\">Flexible scheduling<\/h5><p style=''>Because you are busy, the firm offers appointments Saturdays appointments and appointments through visioconference.<\/p><\/div><\/div><\/div>[\/vc_column][vc_column width=\u00a0\u00bb1\/3&Prime;]<div class='q_icon_with_title  circle'><div class=\"icon_holder \" style=\" \"><div class=\"icon_holder_inner\" style=\"border-color: #ffffff;\"><span class=\"q_font_elegant_holder circle  custom-font\" style=\"font-size: 25px;border-color: #ffffff;background-color: #ecae80;\"><span class=\"icon_text_icon q_font_elegant_icon icon_globe_alt\" aria-hidden=\"true\"><\/span><\/span><\/div><\/div><div class=\"icon_text_holder\" style=\"padding-left: 99px\"><div class=\"icon_text_inner\" style=\"\"><h5 class=\"icon_title\" style=\"\">Environmental friendly<\/h5><p style=''>The firm is committed to reducing paper waste. The firms favours the electronic management of cases and only uses recycled paper.<\/p><\/div><\/div><\/div>[\/vc_column][\/vc_row][vc_row row_type=\u00a0\u00bbrow\u00a0\u00bb type=\u00a0\u00bbfull_width\u00a0\u00bb text_align=\u00a0\u00bbleft\u00a0\u00bb video=\u00a0\u00bb\u00a0\u00bb css_animation=\u00a0\u00bb\u00a0\u00bb][vc_column][vc_column_text]<\/p>\n<p><strong>IF YOU HAVE A QUESTION OR WISH TO BOOK AN APPOINTMENT, COMPLETE THE FORM BELOW<\/strong><\/p>\n<p>[\/vc_column_text][vc_separator type=\u00a0\u00bbtransparent\u00a0\u00bb up=\u00a0\u00bb90&Prime; down=\u00a0\u00bb0&Prime;]\n<div class=\"wpcf7 no-js\" id=\"wpcf7-f20649-o1\" lang=\"en-US\" dir=\"ltr\" data-wpcf7-id=\"20649\">\n<div class=\"screen-reader-response\"><p role=\"status\" aria-live=\"polite\" aria-atomic=\"true\"><\/p> <ul><\/ul><\/div>\n<form action=\"\/index.php\/wp-json\/wp\/v2\/pages\/20817#wpcf7-f20649-o1\" method=\"post\" class=\"wpcf7-form init\" aria-label=\"Contact form\" novalidate=\"novalidate\" data-status=\"init\">\n<div style=\"display: none;\">\n<input type=\"hidden\" name=\"_wpcf7\" value=\"20649\" \/>\n<input type=\"hidden\" name=\"_wpcf7_version\" value=\"6.0.6\" \/>\n<input type=\"hidden\" name=\"_wpcf7_locale\" value=\"en_US\" \/>\n<input type=\"hidden\" name=\"_wpcf7_unit_tag\" value=\"wpcf7-f20649-o1\" \/>\n<input type=\"hidden\" name=\"_wpcf7_container_post\" value=\"0\" \/>\n<input type=\"hidden\" name=\"_wpcf7_posted_data_hash\" value=\"\" \/>\n<\/div>\n<p><label> Your Name (required)<br \/>\n<span class=\"wpcf7-form-control-wrap\" data-name=\"your-name\"><input size=\"40\" maxlength=\"400\" class=\"wpcf7-form-control wpcf7-text wpcf7-validates-as-required\" aria-required=\"true\" aria-invalid=\"false\" value=\"\" type=\"text\" name=\"your-name\" \/><\/span> <\/label>\n<\/p>\n<p><label> Your Email (required)<br \/>\n<span class=\"wpcf7-form-control-wrap\" data-name=\"your-email\"><input size=\"40\" maxlength=\"400\" class=\"wpcf7-form-control wpcf7-email wpcf7-validates-as-required wpcf7-text wpcf7-validates-as-email\" aria-required=\"true\" aria-invalid=\"false\" value=\"\" type=\"email\" name=\"your-email\" \/><\/span> <\/label>\n<\/p>\n<p><label> Subject<br \/>\n<span class=\"wpcf7-form-control-wrap\" data-name=\"your-subject\"><input size=\"40\" maxlength=\"400\" class=\"wpcf7-form-control wpcf7-text\" aria-invalid=\"false\" value=\"\" type=\"text\" name=\"your-subject\" \/><\/span> <\/label>\n<\/p>\n<p><label> Your Message<br \/>\n<span class=\"wpcf7-form-control-wrap\" data-name=\"your-message\"><textarea cols=\"40\" rows=\"10\" maxlength=\"2000\" class=\"wpcf7-form-control wpcf7-textarea\" aria-invalid=\"false\" name=\"your-message\"><\/textarea><\/span> <\/label>\n<\/p>\n<p><input class=\"wpcf7-form-control wpcf7-submit has-spinner\" type=\"submit\" value=\"Send\" \/>\n<\/p><div class=\"wpcf7-response-output\" aria-hidden=\"true\"><\/div>\n<\/form>\n<\/div>\n[\/vc_column][\/vc_row]<\/p>\n","protected":false},"excerpt":{"rendered":"<p>[vc_row row_type=\u00a0\u00bbrow\u00a0\u00bb type=\u00a0\u00bbfull_width\u00a0\u00bb text_align=\u00a0\u00bbleft\u00a0\u00bb video=\u00a0\u00bb\u00a0\u00bb css_animation=\u00a0\u00bb\u00a0\u00bb][vc_column][vc_separator type=\u00a0\u00bbtransparent\u00a0\u00bb down=\u00a0\u00bb25&Prime;][vc_column_text] Located in the heart of Paris, the firm positions itself as a human-sized boutique practice&#8230;<\/p>\n","protected":false},"author":1,"featured_media":0,"parent":0,"menu_order":0,"comment_status":"open","ping_status":"closed","template":"full_width.php","meta":{"footnotes":""},"class_list":["post-20817","page","type-page","status-publish","hentry"],"yoast_head":"<!-- This site is optimized with the Yoast SEO plugin v25.2 - https:\/\/yoast.com\/wordpress\/plugins\/seo\/ -->\n<title>-<\/title>\n<meta name=\"description\" content=\"Ma\u00eetre Gr\u00e2ce Favrel, cabinet d&#039;avocat d\u00e9di\u00e9 aux droits de l&#039;homme bas\u00e9 \u00e0 Paris. Comp\u00e9tence CEDH, droit p\u00e9nal, droit de l&#039;environnement, droit international.\" \/>\n<meta name=\"robots\" content=\"index, follow, max-snippet:-1, max-image-preview:large, max-video-preview:-1\" \/>\n<link rel=\"canonical\" href=\"https:\/\/favrelavocat.com\/index.php\/en\/\" \/>\n<meta property=\"og:locale\" content=\"fr_FR\" \/>\n<meta property=\"og:type\" content=\"article\" \/>\n<meta property=\"og:title\" content=\"-\" \/>\n<meta property=\"og:description\" content=\"Ma\u00eetre Gr\u00e2ce Favrel, cabinet d&#039;avocat d\u00e9di\u00e9 aux droits de l&#039;homme bas\u00e9 \u00e0 Paris. Comp\u00e9tence CEDH, droit p\u00e9nal, droit de l&#039;environnement, droit international.\" \/>\n<meta property=\"og:url\" content=\"https:\/\/favrelavocat.com\/index.php\/en\/\" \/>\n<meta property=\"og:site_name\" content=\"Favrel Avocat\" \/>\n<meta property=\"article:modified_time\" content=\"2025-12-06T09:17:13+00:00\" \/>\n<meta name=\"twitter:card\" content=\"summary_large_image\" \/>\n<meta name=\"twitter:label1\" content=\"Dur\u00e9e de lecture estim\u00e9e\" \/>\n\t<meta name=\"twitter:data1\" content=\"2 minutes\" \/>\n<!-- \/ Yoast SEO plugin. -->","yoast_head_json":{"title":"-","description":"Ma\u00eetre Gr\u00e2ce Favrel, cabinet d'avocat d\u00e9di\u00e9 aux droits de l'homme bas\u00e9 \u00e0 Paris. Comp\u00e9tence CEDH, droit p\u00e9nal, droit de l'environnement, droit international.","robots":{"index":"index","follow":"follow","max-snippet":"max-snippet:-1","max-image-preview":"max-image-preview:large","max-video-preview":"max-video-preview:-1"},"canonical":"https:\/\/favrelavocat.com\/index.php\/en\/","og_locale":"fr_FR","og_type":"article","og_title":"-","og_description":"Ma\u00eetre Gr\u00e2ce Favrel, cabinet d'avocat d\u00e9di\u00e9 aux droits de l'homme bas\u00e9 \u00e0 Paris. Comp\u00e9tence CEDH, droit p\u00e9nal, droit de l'environnement, droit international.","og_url":"https:\/\/favrelavocat.com\/index.php\/en\/","og_site_name":"Favrel Avocat","article_modified_time":"2025-12-06T09:17:13+00:00","twitter_card":"summary_large_image","twitter_misc":{"Dur\u00e9e de lecture estim\u00e9e":"2 minutes"},"schema":{"@context":"https:\/\/schema.org","@graph":[{"@type":"WebPage","@id":"https:\/\/favrelavocat.com\/index.php\/en\/","url":"https:\/\/favrelavocat.com\/index.php\/en\/","name":"-","isPartOf":{"@id":"https:\/\/favrelavocat.com\/#website"},"datePublished":"2014-06-20T12:31:15+00:00","dateModified":"2025-12-06T09:17:13+00:00","description":"Ma\u00eetre Gr\u00e2ce Favrel, cabinet d'avocat d\u00e9di\u00e9 aux droits de l'homme bas\u00e9 \u00e0 Paris. Comp\u00e9tence CEDH, droit p\u00e9nal, droit de l'environnement, droit international.","breadcrumb":{"@id":"https:\/\/favrelavocat.com\/index.php\/en\/#breadcrumb"},"inLanguage":"fr-FR","potentialAction":[{"@type":"ReadAction","target":["https:\/\/favrelavocat.com\/index.php\/en\/"]}]},{"@type":"BreadcrumbList","@id":"https:\/\/favrelavocat.com\/index.php\/en\/#breadcrumb","itemListElement":[{"@type":"ListItem","position":1,"name":"Accueil","item":"https:\/\/favrelavocat.com\/"},{"@type":"ListItem","position":2,"name":"Home"}]},{"@type":"WebSite","@id":"https:\/\/favrelavocat.com\/#website","url":"https:\/\/favrelavocat.com\/","name":"Favrel Avocat","description":"Droit international","publisher":{"@id":"https:\/\/favrelavocat.com\/#organization"},"potentialAction":[{"@type":"SearchAction","target":{"@type":"EntryPoint","urlTemplate":"https:\/\/favrelavocat.com\/?s={search_term_string}"},"query-input":{"@type":"PropertyValueSpecification","valueRequired":true,"valueName":"search_term_string"}}],"inLanguage":"fr-FR"},{"@type":"Organization","@id":"https:\/\/favrelavocat.com\/#organization","name":"Favrel avocat","url":"https:\/\/favrelavocat.com\/","logo":{"@type":"ImageObject","inLanguage":"fr-FR","@id":"https:\/\/favrelavocat.com\/#\/schema\/logo\/image\/","url":"https:\/\/favrelavocat.com\/wp-content\/uploads\/2020\/02\/text42911-1.png","contentUrl":"https:\/\/favrelavocat.com\/wp-content\/uploads\/2020\/02\/text42911-1.png","width":1615,"height":627,"caption":"Favrel avocat"},"image":{"@id":"https:\/\/favrelavocat.com\/#\/schema\/logo\/image\/"}}]}},"_links":{"self":[{"href":"https:\/\/favrelavocat.com\/index.php\/wp-json\/wp\/v2\/pages\/20817","targetHints":{"allow":["GET"]}}],"collection":[{"href":"https:\/\/favrelavocat.com\/index.php\/wp-json\/wp\/v2\/pages"}],"about":[{"href":"https:\/\/favrelavocat.com\/index.php\/wp-json\/wp\/v2\/types\/page"}],"author":[{"embeddable":true,"href":"https:\/\/favrelavocat.com\/index.php\/wp-json\/wp\/v2\/users\/1"}],"replies":[{"embeddable":true,"href":"https:\/\/favrelavocat.com\/index.php\/wp-json\/wp\/v2\/comments?post=20817"}],"version-history":[{"count":15,"href":"https:\/\/favrelavocat.com\/index.php\/wp-json\/wp\/v2\/pages\/20817\/revisions"}],"predecessor-version":[{"id":21128,"href":"https:\/\/favrelavocat.com\/index.php\/wp-json\/wp\/v2\/pages\/20817\/revisions\/21128"}],"wp:attachment":[{"href":"https:\/\/favrelavocat.com\/index.php\/wp-json\/wp\/v2\/media?parent=20817"}],"curies":[{"name":"wp","href":"https:\/\/api.w.org\/{rel}","templated":true}]}}