{"id":20652,"date":"2020-04-02T09:17:20","date_gmt":"2020-04-02T07:17:20","guid":{"rendered":"http:\/\/favrelavocat.com\/?page_id=20652"},"modified":"2024-01-19T15:40:33","modified_gmt":"2024-01-19T14:40:33","slug":"get-in-touch-with-grace-favrel","status":"publish","type":"page","link":"https:\/\/favrelavocat.com\/index.php\/get-in-touch-with-grace-favrel\/","title":{"rendered":"Get in touch"},"content":{"rendered":"<p>[vc_row row_type=\u00a0\u00bbrow\u00a0\u00bb type=\u00a0\u00bbfull_width\u00a0\u00bb text_align=\u00a0\u00bbleft\u00a0\u00bb video=\u00a0\u00bb\u00a0\u00bb css_animation=\u00a0\u00bb\u00a0\u00bb][vc_column]<div class='q_icon_with_title  circle'><div class=\"icon_holder \" style=\"margin: 7px 0px 0px 0px; \"><div class=\"icon_holder_inner\" style=\"\"><span class=\"q_font_elegant_holder circle  custom-font\" style=\"font-size: 24px;\"><span class=\"icon_text_icon q_font_elegant_icon icon_pin_alt\" aria-hidden=\"true\"><\/span><\/span><\/div><\/div><div class=\"icon_text_holder\" style=\"padding-left: 95px\"><div class=\"icon_text_inner\" style=\"\"><h5 class=\"icon_title\" style=\"\">Address<\/h5><p style=''>160 rue du Temple, 75003 Paris, France<\/p><\/div><\/div><\/div>[vc_separator type=\u00a0\u00bbtransparent\u00a0\u00bb thickness=\u00a0\u00bb1&Prime; up=\u00a0\u00bb14&Prime;]<div class='q_icon_with_title  circle'><div class=\"icon_holder \" style=\"margin: 7px 0px 0px 0px; \"><div class=\"icon_holder_inner\" style=\"\"><span class=\"q_font_elegant_holder circle  custom-font\" style=\"font-size: 24px;\"><span class=\"icon_text_icon q_font_elegant_icon icon_phone\" aria-hidden=\"true\"><\/span><\/span><\/div><\/div><div class=\"icon_text_holder\" style=\"padding-left: 95px\"><div class=\"icon_text_inner\" style=\"\"><h5 class=\"icon_title\" style=\"\">Phone number<\/h5><p style=''>Phone: +33 (0)635572895<\/p><\/div><\/div><\/div>[vc_separator type=\u00a0\u00bbtransparent\u00a0\u00bb thickness=\u00a0\u00bb1&Prime; up=\u00a0\u00bb14&Prime;]<div class='q_icon_with_title  circle'><div class=\"icon_holder \" style=\"margin: 7px 0px 0px 0px; \"><div class=\"icon_holder_inner\" style=\"\"><span class=\"q_font_elegant_holder circle  custom-font\" style=\"font-size: 24px;\"><span class=\"icon_text_icon q_font_elegant_icon icon_mail_alt\" aria-hidden=\"true\"><\/span><\/span><\/div><\/div><div class=\"icon_text_holder\" style=\"padding-left: 95px\"><div class=\"icon_text_inner\" style=\"\"><h5 class=\"icon_title\" style=\"\">E-mail<\/h5><p style=''>contact@favrelavocat.com<\/p><a class='icon_with_title_link' href='https:\/\/fr.linkedin.com\/in\/gr%C3%A2ce-favrel-b5780548' target='_self' style=''>Linkedin<\/a><\/div><\/div><\/div>[\/vc_column][\/vc_row][vc_row row_type=\u00a0\u00bbrow\u00a0\u00bb type=\u00a0\u00bbfull_width\u00a0\u00bb text_align=\u00a0\u00bbleft\u00a0\u00bb video=\u00a0\u00bb\u00a0\u00bb css_animation=\u00a0\u00bb\u00a0\u00bb][vc_column][vc_separator type=\u00a0\u00bbtransparent\u00a0\u00bb thickness=\u00a0\u00bb1&Prime; up=\u00a0\u00bb14&Prime;][\/vc_column][\/vc_row][vc_row row_type=\u00a0\u00bbrow\u00a0\u00bb type=\u00a0\u00bbfull_width\u00a0\u00bb text_align=\u00a0\u00bbleft\u00a0\u00bb video=\u00a0\u00bb\u00a0\u00bb css_animation=\u00a0\u00bb\u00a0\u00bb][vc_column]\n<div class=\"wpcf7 no-js\" id=\"wpcf7-f20649-o1\" lang=\"en-US\" dir=\"ltr\" data-wpcf7-id=\"20649\">\n<div class=\"screen-reader-response\"><p role=\"status\" aria-live=\"polite\" aria-atomic=\"true\"><\/p> <ul><\/ul><\/div>\n<form action=\"\/index.php\/wp-json\/wp\/v2\/pages\/20652#wpcf7-f20649-o1\" method=\"post\" class=\"wpcf7-form init\" aria-label=\"Contact form\" novalidate=\"novalidate\" data-status=\"init\">\n<div style=\"display: none;\">\n<input type=\"hidden\" name=\"_wpcf7\" value=\"20649\" \/>\n<input type=\"hidden\" name=\"_wpcf7_version\" value=\"6.0.6\" \/>\n<input type=\"hidden\" name=\"_wpcf7_locale\" value=\"en_US\" \/>\n<input type=\"hidden\" name=\"_wpcf7_unit_tag\" value=\"wpcf7-f20649-o1\" \/>\n<input type=\"hidden\" name=\"_wpcf7_container_post\" value=\"0\" \/>\n<input type=\"hidden\" name=\"_wpcf7_posted_data_hash\" value=\"\" \/>\n<\/div>\n<p><label> Your Name (required)<br \/>\n<span class=\"wpcf7-form-control-wrap\" data-name=\"your-name\"><input size=\"40\" maxlength=\"400\" class=\"wpcf7-form-control wpcf7-text wpcf7-validates-as-required\" aria-required=\"true\" aria-invalid=\"false\" value=\"\" type=\"text\" name=\"your-name\" \/><\/span> <\/label>\n<\/p>\n<p><label> Your Email (required)<br \/>\n<span class=\"wpcf7-form-control-wrap\" data-name=\"your-email\"><input size=\"40\" maxlength=\"400\" class=\"wpcf7-form-control wpcf7-email wpcf7-validates-as-required wpcf7-text wpcf7-validates-as-email\" aria-required=\"true\" aria-invalid=\"false\" value=\"\" type=\"email\" name=\"your-email\" \/><\/span> <\/label>\n<\/p>\n<p><label> Subject<br \/>\n<span class=\"wpcf7-form-control-wrap\" data-name=\"your-subject\"><input size=\"40\" maxlength=\"400\" class=\"wpcf7-form-control wpcf7-text\" aria-invalid=\"false\" value=\"\" type=\"text\" name=\"your-subject\" \/><\/span> <\/label>\n<\/p>\n<p><label> Your Message<br \/>\n<span class=\"wpcf7-form-control-wrap\" data-name=\"your-message\"><textarea cols=\"40\" rows=\"10\" maxlength=\"2000\" class=\"wpcf7-form-control wpcf7-textarea\" aria-invalid=\"false\" name=\"your-message\"><\/textarea><\/span> <\/label>\n<\/p>\n<p><input class=\"wpcf7-form-control wpcf7-submit has-spinner\" type=\"submit\" value=\"Send\" \/>\n<\/p><div class=\"wpcf7-response-output\" aria-hidden=\"true\"><\/div>\n<\/form>\n<\/div>\n[\/vc_column][\/vc_row]<\/p>\n","protected":false},"excerpt":{"rendered":"<p>[vc_row row_type=\u00a0\u00bbrow\u00a0\u00bb type=\u00a0\u00bbfull_width\u00a0\u00bb text_align=\u00a0\u00bbleft\u00a0\u00bb video=\u00a0\u00bb\u00a0\u00bb css_animation=\u00a0\u00bb\u00a0\u00bb][vc_column][vc_separator type=\u00a0\u00bbtransparent\u00a0\u00bb thickness=\u00a0\u00bb1&Prime; up=\u00a0\u00bb14&Prime;][vc_separator type=\u00a0\u00bbtransparent\u00a0\u00bb thickness=\u00a0\u00bb1&Prime; up=\u00a0\u00bb14&Prime;][\/vc_column][\/vc_row][vc_row row_type=\u00a0\u00bbrow\u00a0\u00bb type=\u00a0\u00bbfull_width\u00a0\u00bb text_align=\u00a0\u00bbleft\u00a0\u00bb video=\u00a0\u00bb\u00a0\u00bb css_animation=\u00a0\u00bb\u00a0\u00bb][vc_column][vc_separator type=\u00a0\u00bbtransparent\u00a0\u00bb thickness=\u00a0\u00bb1&Prime; up=\u00a0\u00bb14&Prime;][\/vc_column][\/vc_row][vc_row row_type=\u00a0\u00bbrow\u00a0\u00bb type=\u00a0\u00bbfull_width\u00a0\u00bb text_align=\u00a0\u00bbleft\u00a0\u00bb&#8230;<\/p>\n","protected":false},"author":1,"featured_media":0,"parent":0,"menu_order":0,"comment_status":"open","ping_status":"closed","template":"contact-page.php","meta":{"footnotes":""},"class_list":["post-20652","page","type-page","status-publish","hentry"],"yoast_head":"<!-- This site is optimized with the Yoast SEO plugin v25.2 - https:\/\/yoast.com\/wordpress\/plugins\/seo\/ -->\n<title>-<\/title>\n<meta name=\"description\" content=\"FAVREL Avocat, cabinet d\u00e9did\u00e9 aux droits de l&#039;homme. Vous pouvez nous contacter par t\u00e9l\u00e9phone, email ou en remplissant le formulaire.\" \/>\n<meta name=\"robots\" content=\"index, follow, max-snippet:-1, max-image-preview:large, max-video-preview:-1\" \/>\n<link rel=\"canonical\" href=\"https:\/\/favrelavocat.com\/index.php\/get-in-touch-with-grace-favrel\/\" \/>\n<meta property=\"og:locale\" content=\"fr_FR\" \/>\n<meta property=\"og:type\" content=\"article\" \/>\n<meta property=\"og:title\" content=\"-\" \/>\n<meta property=\"og:description\" content=\"FAVREL Avocat, cabinet d\u00e9did\u00e9 aux droits de l&#039;homme. Vous pouvez nous contacter par t\u00e9l\u00e9phone, email ou en remplissant le formulaire.\" \/>\n<meta property=\"og:url\" content=\"https:\/\/favrelavocat.com\/index.php\/get-in-touch-with-grace-favrel\/\" \/>\n<meta property=\"og:site_name\" content=\"Favrel Avocat\" \/>\n<meta property=\"article:modified_time\" content=\"2024-01-19T14:40:33+00:00\" \/>\n<meta name=\"twitter:card\" content=\"summary_large_image\" \/>\n<meta name=\"twitter:label1\" content=\"Dur\u00e9e de lecture estim\u00e9e\" \/>\n\t<meta name=\"twitter:data1\" content=\"1 minute\" \/>\n<!-- \/ Yoast SEO plugin. -->","yoast_head_json":{"title":"-","description":"FAVREL Avocat, cabinet d\u00e9did\u00e9 aux droits de l'homme. Vous pouvez nous contacter par t\u00e9l\u00e9phone, email ou en remplissant le formulaire.","robots":{"index":"index","follow":"follow","max-snippet":"max-snippet:-1","max-image-preview":"max-image-preview:large","max-video-preview":"max-video-preview:-1"},"canonical":"https:\/\/favrelavocat.com\/index.php\/get-in-touch-with-grace-favrel\/","og_locale":"fr_FR","og_type":"article","og_title":"-","og_description":"FAVREL Avocat, cabinet d\u00e9did\u00e9 aux droits de l'homme. Vous pouvez nous contacter par t\u00e9l\u00e9phone, email ou en remplissant le formulaire.","og_url":"https:\/\/favrelavocat.com\/index.php\/get-in-touch-with-grace-favrel\/","og_site_name":"Favrel Avocat","article_modified_time":"2024-01-19T14:40:33+00:00","twitter_card":"summary_large_image","twitter_misc":{"Dur\u00e9e de lecture estim\u00e9e":"1 minute"},"schema":{"@context":"https:\/\/schema.org","@graph":[{"@type":"WebPage","@id":"https:\/\/favrelavocat.com\/index.php\/get-in-touch-with-grace-favrel\/","url":"https:\/\/favrelavocat.com\/index.php\/get-in-touch-with-grace-favrel\/","name":"-","isPartOf":{"@id":"https:\/\/favrelavocat.com\/#website"},"datePublished":"2020-04-02T07:17:20+00:00","dateModified":"2024-01-19T14:40:33+00:00","description":"FAVREL Avocat, cabinet d\u00e9did\u00e9 aux droits de l'homme. Vous pouvez nous contacter par t\u00e9l\u00e9phone, email ou en remplissant le formulaire.","breadcrumb":{"@id":"https:\/\/favrelavocat.com\/index.php\/get-in-touch-with-grace-favrel\/#breadcrumb"},"inLanguage":"fr-FR","potentialAction":[{"@type":"ReadAction","target":["https:\/\/favrelavocat.com\/index.php\/get-in-touch-with-grace-favrel\/"]}]},{"@type":"BreadcrumbList","@id":"https:\/\/favrelavocat.com\/index.php\/get-in-touch-with-grace-favrel\/#breadcrumb","itemListElement":[{"@type":"ListItem","position":1,"name":"Accueil","item":"https:\/\/favrelavocat.com\/"},{"@type":"ListItem","position":2,"name":"Get in touch"}]},{"@type":"WebSite","@id":"https:\/\/favrelavocat.com\/#website","url":"https:\/\/favrelavocat.com\/","name":"Favrel Avocat","description":"Droit international","publisher":{"@id":"https:\/\/favrelavocat.com\/#organization"},"potentialAction":[{"@type":"SearchAction","target":{"@type":"EntryPoint","urlTemplate":"https:\/\/favrelavocat.com\/?s={search_term_string}"},"query-input":{"@type":"PropertyValueSpecification","valueRequired":true,"valueName":"search_term_string"}}],"inLanguage":"fr-FR"},{"@type":"Organization","@id":"https:\/\/favrelavocat.com\/#organization","name":"Favrel avocat","url":"https:\/\/favrelavocat.com\/","logo":{"@type":"ImageObject","inLanguage":"fr-FR","@id":"https:\/\/favrelavocat.com\/#\/schema\/logo\/image\/","url":"https:\/\/favrelavocat.com\/wp-content\/uploads\/2020\/02\/text42911-1.png","contentUrl":"https:\/\/favrelavocat.com\/wp-content\/uploads\/2020\/02\/text42911-1.png","width":1615,"height":627,"caption":"Favrel avocat"},"image":{"@id":"https:\/\/favrelavocat.com\/#\/schema\/logo\/image\/"}}]}},"_links":{"self":[{"href":"https:\/\/favrelavocat.com\/index.php\/wp-json\/wp\/v2\/pages\/20652","targetHints":{"allow":["GET"]}}],"collection":[{"href":"https:\/\/favrelavocat.com\/index.php\/wp-json\/wp\/v2\/pages"}],"about":[{"href":"https:\/\/favrelavocat.com\/index.php\/wp-json\/wp\/v2\/types\/page"}],"author":[{"embeddable":true,"href":"https:\/\/favrelavocat.com\/index.php\/wp-json\/wp\/v2\/users\/1"}],"replies":[{"embeddable":true,"href":"https:\/\/favrelavocat.com\/index.php\/wp-json\/wp\/v2\/comments?post=20652"}],"version-history":[{"count":3,"href":"https:\/\/favrelavocat.com\/index.php\/wp-json\/wp\/v2\/pages\/20652\/revisions"}],"predecessor-version":[{"id":20655,"href":"https:\/\/favrelavocat.com\/index.php\/wp-json\/wp\/v2\/pages\/20652\/revisions\/20655"}],"wp:attachment":[{"href":"https:\/\/favrelavocat.com\/index.php\/wp-json\/wp\/v2\/media?parent=20652"}],"curies":[{"name":"wp","href":"https:\/\/api.w.org\/{rel}","templated":true}]}}