{"id":19457,"date":"2014-06-23T11:28:26","date_gmt":"2014-06-23T09:28:26","guid":{"rendered":"http:\/\/demo.select-themes.com\/hazel1\/?page_id=19457"},"modified":"2025-12-05T12:15:10","modified_gmt":"2025-12-05T11:15:10","slug":"cabinet-dedie-aux-droits-de-lhomme","status":"publish","type":"page","link":"https:\/\/favrelavocat.com\/index.php\/cabinet-dedie-aux-droits-de-lhomme\/","title":{"rendered":"A propos du cabinet"},"content":{"rendered":"<p>[vc_row row_type=\u00a0\u00bbrow\u00a0\u00bb type=\u00a0\u00bbfull_width\u00a0\u00bb text_align=\u00a0\u00bbleft\u00a0\u00bb video=\u00a0\u00bb\u00a0\u00bb css_animation=\u00a0\u00bb\u00a0\u00bb][vc_column][layerslider_vc id=\u00a0\u00bb15&Prime;][\/vc_column][\/vc_row][vc_row row_type=\u00a0\u00bbrow\u00a0\u00bb type=\u00a0\u00bbfull_width\u00a0\u00bb text_align=\u00a0\u00bbleft\u00a0\u00bb video=\u00a0\u00bb\u00a0\u00bb padding_top=\u00a0\u00bb60&Prime; padding_bottom=\u00a0\u00bb90&Prime; css_animation=\u00a0\u00bb\u00a0\u00bb][vc_column][vc_row_inner row_type=\u00a0\u00bbrow\u00a0\u00bb type=\u00a0\u00bbgrid\u00a0\u00bb text_align=\u00a0\u00bbleft\u00a0\u00bb css_animation=\u00a0\u00bb\u00a0\u00bb][vc_column_inner]<div class=\"custom_font_holder\" style=\" font-size: 32px; line-height: 27px; font-style: normal; color: #696969; text-decoration: none; text-align: center;\"><\/p>\n<h2>Le cabinet<\/h2>\n<p><\/div>[vc_separator type=\u00a0\u00bbtransparent\u00a0\u00bb up=\u00a0\u00bb30&Prime; down=\u00a0\u00bb0&Prime;][vc_column_text]Situ\u00e9 au c\u0153ur de Paris, le cabinet se pr\u00e9sente comme une boutique de niche \u00e0 taille humaine, d\u00e9di\u00e9e \u00e0 l\u2019accompagnement personnalis\u00e9 de clients confront\u00e9s \u00e0 des probl\u00e9matiques complexes, souvent marqu\u00e9es par une dimension internationale.<\/p>\n<p>Sp\u00e9cialis\u00e9 en protection des droits humains et en droit de l\u2019environnement, il intervient tant pour les particuliers que pour les entreprises, devant les juridictions nationales et internationales. Le cabinet d\u00e9fend les victimes d\u2019atteintes graves aux droits fondamentaux, accompagne les acteurs engag\u00e9s dans la protection de l\u2019environnement, et conseille les entreprises dans la mise en conformit\u00e9 de leurs activit\u00e9s, notamment en mati\u00e8re de devoir de vigilance.<\/p>\n<p>Fort d\u2019une expertise reconnue en droit international et en contentieux strat\u00e9giques, il assiste \u00e9galement ses clients devant des instances telles que la Cour europ\u00e9enne des droits de l\u2019homme, la Cour de justice de l\u2019Union europ\u00e9enne ou les organes des Nations Unies.<\/p>\n<p>Pour plus d&rsquo;information sur les activit\u00e9s du cabinet, cliquer <a href=\"https:\/\/favrelavocat.com\/index.php\/grace-favrel-la-defense-des-droits-de-lhomme\/\">ici<\/a>.[\/vc_column_text][vc_column_text]Situ\u00e9 au c\u0153ur de PARIS, le cabinet est\u00a0 d\u00e9di\u00e9 \u00e0 la d\u00e9fense des droits de l\u2019homme. L&rsquo;activit\u00e9 du cabinet se concentre autour de quatre domaines: les droits de l&rsquo;homme, le droit p\u00e9nal, le droit de l&rsquo;environnement, le droit international.<\/p>\n<p>&nbsp;<\/p>\n<p>Sur <strong>la question des droits de l&rsquo;homme<\/strong>, le cabinet d\u00e9fend les personnes ayant subi une atteinte grave \u00e0 leurs droits fondamentaux , tels que les atteintes au droit \u00e0 la vie, \u00e0 la dignit\u00e9,\u00a0 \u00e0 la vie priv\u00e9e, au droit \u00e0 un proc\u00e8s \u00e9quitable, au droit de propri\u00e9t\u00e9. Le cabinet peut \u00e9galement mener des activit\u00e9s de formation dans le domaine des droits de l&rsquo;homme.<\/p>\n<p>&nbsp;<\/p>\n<p>Le cabinet consid\u00e8re que le droit de vivre dans un environnement sain devrait \u00eatre le premier des droits de l\u2019homme. C\u2019est pourquoi, en <strong>droit de l&rsquo;environnement<\/strong>, le cabinet d\u00e9fend des individus ou associations en cas d\u2019atteintes \u00e0 l\u2019environnement. Le cabinet accompagne \u00e9galement les entreprises soucieuses de respecter les obligations l\u00e9gales relatives aux projets risquant de porter atteinte \u00e0 l&rsquo;environnement. En outre, le cabinet conseille les entreprises souhaitant \u00e9tablir un plan de vigilance.<\/p>\n<p>&nbsp;<\/p>\n<p>Dans <strong>le domaine p\u00e9nal<\/strong>, le cabinet accompagne les personnes de la garde \u00e0 vue \u00e0 la demande d&rsquo;effacement de casier judiciaire. Il d\u00e9fend les droits des personnes accus\u00e9es d&rsquo;avoir commis une infraction devant le tribunal de police, le tribunal correctionnel et la Cour d&rsquo;assises. Il soutient \u00e9galement les victimes souhaitant porter plainte, prendre part au proc\u00e8s et obtenir une indemnisation.<\/p>\n<p>&nbsp;<\/p>\n<p>Disposant d&rsquo;une solide exp\u00e9rience en<strong> droit international, <\/strong>le cabinet assiste les particuliers, les associations et les entreprises devant les juridictions internationales telles que la Cour europ\u00e9enne des droits de l&rsquo;homme, la Cour de justice de l&rsquo;Union Europ\u00e9enne ou, le Comit\u00e9 des droits de l\u2019homme des Nations Unies et la Cour africaine des droits de l&rsquo;homme et des peuples. Il peut \u00e9galement assister les entreprises dans le respect de leurs obligations d\u00e9coulant du droit europ\u00e9en, telles que la protection des donn\u00e9es, le devoir de vigilance.<\/p>\n<p>Pour plus d&rsquo;information sur les activit\u00e9s du cabinet, cliquer <a href=\"https:\/\/favrelavocat.com\/index.php\/grace-favrel-la-defense-des-droits-de-lhomme\/\">ici<\/a>.[\/vc_column_text][\/vc_column_inner][\/vc_row_inner][\/vc_column][\/vc_row][vc_row row_type=\u00a0\u00bbrow\u00a0\u00bb type=\u00a0\u00bbgrid\u00a0\u00bb text_align=\u00a0\u00bbleft\u00a0\u00bb video=\u00a0\u00bb\u00a0\u00bb padding_bottom=\u00a0\u00bb90&Prime; css_animation=\u00a0\u00bb\u00a0\u00bb][vc_column width=\u00a0\u00bb1\/3&Prime;]<div class='q_team without_separator'><div class='q_team_inner'><div class='q_team_image'><img src='https:\/\/favrelavocat.com\/wp-content\/uploads\/2020\/02\/38a1eb00-8306-4d09-8c16-db4816748429-1-2.jpg' alt='' \/><\/div><div class='q_team_text' ><div class='q_team_text_inner'><div class='q_team_title_holder'><h5 class='q_team_name' style =\"font-size: Gr\u00e2ce FAVREL avocate droits de l'hommepx\">FAVREL Gr\u00e2ce<\/h5><h6 class='q_team_position' >Avocate \u00e0 la Cour, Barreau de Paris (France)<\/6><\/div><div class='q_team_description'><p>Avant de devenir avocate, j\u2019ai travaill\u00e9 \u00e0 Londres, en Afrique et au Moyen-Orient sur les questions de droits civiques et politiques, notamment pour l\u2019Union Europ\u00e9enne. Ces ann\u00e9es pass\u00e9es dans un environnement international m\u2019ont appris \u00e0 dialoguer avec des interlocuteurs tr\u00e8s diff\u00e9rents et \u00e0 g\u00e9rer des questions juridiques complexes, souvent transnationales. Elles ont surtout renforc\u00e9 ma conviction qu\u2019un accompagnement sinc\u00e8re, humain et accessible peut faire une r\u00e9elle diff\u00e9rence pour ceux qui traversent des situations difficiles.<\/p>\n<p>C\u2019est dans cet esprit que j\u2019ai cr\u00e9\u00e9 un cabinet fran\u00e7ais de niche d\u00e9di\u00e9 \u00e0 la d\u00e9fense des droits humains et de l\u2019environnement, o\u00f9 chaque client est accueilli avec respect, transparence et une \u00e9coute attentive.<\/p>\n<p>En dehors de mon activit\u00e9, je me ressource \u00e0 travers la litt\u00e9rature anglophone, le jazz et de longues balades en for\u00eat, qui me rappellent l\u2019importance de rester connect\u00e9e \u00e0 l\u2019essentiel.<\/p><\/div><\/div><div class='q_team_social_holder'><span class='q_social_icon_holder with_link normal_social'><a href='https:\/\/fr.linkedin.com\/in\/gr%C3%A2ce-favrel-b5780548' target='_self'><span class='social_icon social_linkedin  simple_social' style=''><\/span><\/a><\/span><span class='q_social_icon_holder with_link normal_social'><a href='https:\/\/www.youtube.com\/watch?v=mVtTEYpfc7U' target='_self'><span class='social_icon social_youtube  simple_social' style=''><\/span><\/a><\/span><span class='q_social_icon_holder with_link normal_social'><a href='#' target='_self'><span class='social_icon social_facebook  simple_social' style=''><\/span><\/a><\/span><\/div><\/div><\/div><\/div>[\/vc_column][\/vc_row][vc_row row_type=\u00a0\u00bbrow\u00a0\u00bb type=\u00a0\u00bbfull_width\u00a0\u00bb text_align=\u00a0\u00bbleft\u00a0\u00bb video=\u00a0\u00bb\u00a0\u00bb css_animation=\u00a0\u00bb\u00a0\u00bb][vc_column][vc_column_text]<strong>POSEZ UNE QUESTION OU PRENEZ RENDEZ-VOUS EN REMPLISSANT LE FORMULAIRE CI-DESSOUS<\/strong>[\/vc_column_text]\n<div class=\"wpcf7 no-js\" id=\"wpcf7-f20423-o1\" lang=\"fr-FR\" dir=\"ltr\" data-wpcf7-id=\"20423\">\n<div class=\"screen-reader-response\"><p role=\"status\" aria-live=\"polite\" aria-atomic=\"true\"><\/p> <ul><\/ul><\/div>\n<form action=\"\/index.php\/wp-json\/wp\/v2\/pages\/19457#wpcf7-f20423-o1\" method=\"post\" class=\"wpcf7-form init\" aria-label=\"Formulaire de contact\" novalidate=\"novalidate\" data-status=\"init\">\n<div style=\"display: none;\">\n<input type=\"hidden\" name=\"_wpcf7\" value=\"20423\" \/>\n<input type=\"hidden\" name=\"_wpcf7_version\" value=\"6.0.6\" \/>\n<input type=\"hidden\" name=\"_wpcf7_locale\" value=\"fr_FR\" \/>\n<input type=\"hidden\" name=\"_wpcf7_unit_tag\" value=\"wpcf7-f20423-o1\" \/>\n<input type=\"hidden\" name=\"_wpcf7_container_post\" value=\"0\" \/>\n<input type=\"hidden\" name=\"_wpcf7_posted_data_hash\" value=\"\" \/>\n<\/div>\n<p><label> VOTRE NOM (obligatoire)<br \/>\n<span class=\"wpcf7-form-control-wrap\" data-name=\"your-name\"><input size=\"40\" maxlength=\"400\" class=\"wpcf7-form-control wpcf7-text wpcf7-validates-as-required\" aria-required=\"true\" aria-invalid=\"false\" value=\"\" type=\"text\" name=\"your-name\" \/><\/span> <\/label>\n<\/p>\n<p><label> VOTRE ADRESSE DE MESSAGERIE (obligatoire)<br \/>\n<span class=\"wpcf7-form-control-wrap\" data-name=\"your-email\"><input size=\"40\" maxlength=\"400\" class=\"wpcf7-form-control wpcf7-email wpcf7-validates-as-required wpcf7-text wpcf7-validates-as-email\" aria-required=\"true\" aria-invalid=\"false\" value=\"\" type=\"email\" name=\"your-email\" \/><\/span> <\/label>\n<\/p>\n<p><label> OBJET<br \/>\n<span class=\"wpcf7-form-control-wrap\" data-name=\"your-subject\"><input size=\"40\" maxlength=\"400\" class=\"wpcf7-form-control wpcf7-text\" aria-invalid=\"false\" value=\"\" type=\"text\" name=\"your-subject\" \/><\/span> <\/label>\n<\/p>\n<p><label> VOTRE MESSAGE<br \/>\n<span class=\"wpcf7-form-control-wrap\" data-name=\"your-message\"><textarea cols=\"40\" rows=\"10\" maxlength=\"2000\" class=\"wpcf7-form-control wpcf7-textarea\" aria-invalid=\"false\" name=\"your-message\"><\/textarea><\/span> <\/label>\n<\/p>\n<p><input class=\"wpcf7-form-control wpcf7-submit has-spinner\" type=\"submit\" value=\"ENVOYER\" \/>\n<\/p><div class=\"wpcf7-response-output\" aria-hidden=\"true\"><\/div>\n<\/form>\n<\/div>\n[\/vc_column][\/vc_row]<\/p>\n","protected":false},"excerpt":{"rendered":"<p>[vc_row row_type=\u00a0\u00bbrow\u00a0\u00bb type=\u00a0\u00bbfull_width\u00a0\u00bb text_align=\u00a0\u00bbleft\u00a0\u00bb video=\u00a0\u00bb\u00a0\u00bb css_animation=\u00a0\u00bb\u00a0\u00bb][vc_column][layerslider_vc id=\u00a0\u00bb15&Prime;][\/vc_column][\/vc_row][vc_row row_type=\u00a0\u00bbrow\u00a0\u00bb type=\u00a0\u00bbfull_width\u00a0\u00bb text_align=\u00a0\u00bbleft\u00a0\u00bb video=\u00a0\u00bb\u00a0\u00bb padding_top=\u00a0\u00bb60&Prime; padding_bottom=\u00a0\u00bb90&Prime; css_animation=\u00a0\u00bb\u00a0\u00bb][vc_column][vc_row_inner row_type=\u00a0\u00bbrow\u00a0\u00bb type=\u00a0\u00bbgrid\u00a0\u00bb text_align=\u00a0\u00bbleft\u00a0\u00bb css_animation=\u00a0\u00bb\u00a0\u00bb][vc_column_inner][vc_separator type=\u00a0\u00bbtransparent\u00a0\u00bb up=\u00a0\u00bb30&Prime; down=\u00a0\u00bb0&Prime;][vc_column_text]Situ\u00e9 au c\u0153ur&#8230;<\/p>\n","protected":false},"author":1,"featured_media":0,"parent":0,"menu_order":0,"comment_status":"open","ping_status":"closed","template":"full_width.php","meta":{"footnotes":""},"class_list":["post-19457","page","type-page","status-publish","hentry"],"yoast_head":"<!-- This site is optimized with the Yoast SEO plugin v25.2 - https:\/\/yoast.com\/wordpress\/plugins\/seo\/ -->\n<title>A propos du cabinet - Favrel Avocat<\/title>\n<meta name=\"description\" content=\"Gr\u00e2ce Favrel, avocate \u00e0 Paris, sp\u00e9cialis\u00e9e en droits de l\u2019homme, CEDH, droit p\u00e9nal et droit de l\u2019environnement. Cabinet d\u00e9di\u00e9 \u00e0 la d\u00e9fense des libert\u00e9s et de la justice.\" \/>\n<meta name=\"robots\" content=\"index, follow, max-snippet:-1, max-image-preview:large, max-video-preview:-1\" \/>\n<link rel=\"canonical\" href=\"https:\/\/favrelavocat.com\/index.php\/cabinet-dedie-aux-droits-de-lhomme\/\" \/>\n<meta property=\"og:locale\" content=\"fr_FR\" \/>\n<meta property=\"og:type\" content=\"article\" \/>\n<meta property=\"og:title\" content=\"A propos du cabinet - Favrel Avocat\" \/>\n<meta property=\"og:description\" content=\"Gr\u00e2ce Favrel, avocate \u00e0 Paris, sp\u00e9cialis\u00e9e en droits de l\u2019homme, CEDH, droit p\u00e9nal et droit de l\u2019environnement. Cabinet d\u00e9di\u00e9 \u00e0 la d\u00e9fense des libert\u00e9s et de la justice.\" \/>\n<meta property=\"og:url\" content=\"https:\/\/favrelavocat.com\/index.php\/cabinet-dedie-aux-droits-de-lhomme\/\" \/>\n<meta property=\"og:site_name\" content=\"Favrel Avocat\" \/>\n<meta property=\"article:modified_time\" content=\"2025-12-05T11:15:10+00:00\" \/>\n<meta name=\"twitter:card\" content=\"summary_large_image\" \/>\n<meta name=\"twitter:label1\" content=\"Dur\u00e9e de lecture estim\u00e9e\" \/>\n\t<meta name=\"twitter:data1\" content=\"4 minutes\" \/>\n<!-- \/ Yoast SEO plugin. -->","yoast_head_json":{"title":"A propos du cabinet - Favrel Avocat","description":"Gr\u00e2ce Favrel, avocate \u00e0 Paris, sp\u00e9cialis\u00e9e en droits de l\u2019homme, CEDH, droit p\u00e9nal et droit de l\u2019environnement. Cabinet d\u00e9di\u00e9 \u00e0 la d\u00e9fense des libert\u00e9s et de la justice.","robots":{"index":"index","follow":"follow","max-snippet":"max-snippet:-1","max-image-preview":"max-image-preview:large","max-video-preview":"max-video-preview:-1"},"canonical":"https:\/\/favrelavocat.com\/index.php\/cabinet-dedie-aux-droits-de-lhomme\/","og_locale":"fr_FR","og_type":"article","og_title":"A propos du cabinet - Favrel Avocat","og_description":"Gr\u00e2ce Favrel, avocate \u00e0 Paris, sp\u00e9cialis\u00e9e en droits de l\u2019homme, CEDH, droit p\u00e9nal et droit de l\u2019environnement. Cabinet d\u00e9di\u00e9 \u00e0 la d\u00e9fense des libert\u00e9s et de la justice.","og_url":"https:\/\/favrelavocat.com\/index.php\/cabinet-dedie-aux-droits-de-lhomme\/","og_site_name":"Favrel Avocat","article_modified_time":"2025-12-05T11:15:10+00:00","twitter_card":"summary_large_image","twitter_misc":{"Dur\u00e9e de lecture estim\u00e9e":"4 minutes"},"schema":{"@context":"https:\/\/schema.org","@graph":[{"@type":"WebPage","@id":"https:\/\/favrelavocat.com\/index.php\/cabinet-dedie-aux-droits-de-lhomme\/","url":"https:\/\/favrelavocat.com\/index.php\/cabinet-dedie-aux-droits-de-lhomme\/","name":"A propos du cabinet - Favrel Avocat","isPartOf":{"@id":"https:\/\/favrelavocat.com\/#website"},"datePublished":"2014-06-23T09:28:26+00:00","dateModified":"2025-12-05T11:15:10+00:00","description":"Gr\u00e2ce Favrel, avocate \u00e0 Paris, sp\u00e9cialis\u00e9e en droits de l\u2019homme, CEDH, droit p\u00e9nal et droit de l\u2019environnement. Cabinet d\u00e9di\u00e9 \u00e0 la d\u00e9fense des libert\u00e9s et de la justice.","breadcrumb":{"@id":"https:\/\/favrelavocat.com\/index.php\/cabinet-dedie-aux-droits-de-lhomme\/#breadcrumb"},"inLanguage":"fr-FR","potentialAction":[{"@type":"ReadAction","target":["https:\/\/favrelavocat.com\/index.php\/cabinet-dedie-aux-droits-de-lhomme\/"]}]},{"@type":"BreadcrumbList","@id":"https:\/\/favrelavocat.com\/index.php\/cabinet-dedie-aux-droits-de-lhomme\/#breadcrumb","itemListElement":[{"@type":"ListItem","position":1,"name":"Home","item":"https:\/\/favrelavocat.com\/"},{"@type":"ListItem","position":2,"name":"A propos du cabinet"}]},{"@type":"WebSite","@id":"https:\/\/favrelavocat.com\/#website","url":"https:\/\/favrelavocat.com\/","name":"Favrel Avocat","description":"International Law","publisher":{"@id":"https:\/\/favrelavocat.com\/#organization"},"potentialAction":[{"@type":"SearchAction","target":{"@type":"EntryPoint","urlTemplate":"https:\/\/favrelavocat.com\/?s={search_term_string}"},"query-input":{"@type":"PropertyValueSpecification","valueRequired":true,"valueName":"search_term_string"}}],"inLanguage":"fr-FR"},{"@type":"Organization","@id":"https:\/\/favrelavocat.com\/#organization","name":"Favrel avocat","url":"https:\/\/favrelavocat.com\/","logo":{"@type":"ImageObject","inLanguage":"fr-FR","@id":"https:\/\/favrelavocat.com\/#\/schema\/logo\/image\/","url":"https:\/\/favrelavocat.com\/wp-content\/uploads\/2020\/02\/text42911-1.png","contentUrl":"https:\/\/favrelavocat.com\/wp-content\/uploads\/2020\/02\/text42911-1.png","width":1615,"height":627,"caption":"Favrel avocat"},"image":{"@id":"https:\/\/favrelavocat.com\/#\/schema\/logo\/image\/"}}]}},"_links":{"self":[{"href":"https:\/\/favrelavocat.com\/index.php\/wp-json\/wp\/v2\/pages\/19457","targetHints":{"allow":["GET"]}}],"collection":[{"href":"https:\/\/favrelavocat.com\/index.php\/wp-json\/wp\/v2\/pages"}],"about":[{"href":"https:\/\/favrelavocat.com\/index.php\/wp-json\/wp\/v2\/types\/page"}],"author":[{"embeddable":true,"href":"https:\/\/favrelavocat.com\/index.php\/wp-json\/wp\/v2\/users\/1"}],"replies":[{"embeddable":true,"href":"https:\/\/favrelavocat.com\/index.php\/wp-json\/wp\/v2\/comments?post=19457"}],"version-history":[{"count":52,"href":"https:\/\/favrelavocat.com\/index.php\/wp-json\/wp\/v2\/pages\/19457\/revisions"}],"predecessor-version":[{"id":20369,"href":"https:\/\/favrelavocat.com\/index.php\/wp-json\/wp\/v2\/pages\/19457\/revisions\/20369"}],"wp:attachment":[{"href":"https:\/\/favrelavocat.com\/index.php\/wp-json\/wp\/v2\/media?parent=19457"}],"curies":[{"name":"wp","href":"https:\/\/api.w.org\/{rel}","templated":true}]}}