{"id":19422,"date":"2014-06-20T14:31:15","date_gmt":"2014-06-20T12:31:15","guid":{"rendered":"http:\/\/demo.select-themes.com\/hazel1\/?page_id=19422"},"modified":"2025-12-06T10:25:08","modified_gmt":"2025-12-06T09:25:08","slug":"grace-favrel-cabinet-dedie-aux-droits-de-l-homme","status":"publish","type":"page","link":"https:\/\/favrelavocat.com\/","title":{"rendered":"Page d&rsquo;accueil"},"content":{"rendered":"<p>[vc_row row_type=\u00a0\u00bbrow\u00a0\u00bb type=\u00a0\u00bbgrid\u00a0\u00bb text_align=\u00a0\u00bbleft\u00a0\u00bb video=\u00a0\u00bb\u00a0\u00bb padding_top=\u00a0\u00bb100&Prime; padding_bottom=\u00a0\u00bb90&Prime; css_animation=\u00a0\u00bb\u00a0\u00bb][vc_column]<div class=\"custom_font_holder\" style=\" font-size: 36px; line-height: 27px; font-style: normal; color: #696969; text-decoration: none; text-align: left;\">DEFENDRE LES DROITS HUMAINS ET L&rsquo;ENVIRONNEMENT<\/div>[vc_separator type=\u00a0\u00bbtransparent\u00a0\u00bb up=\u00a0\u00bb25&Prime; down=\u00a0\u00bb0&Prime;][vc_column_text]Fond\u00e9 par Ma\u00eetre Gr\u00e2ce FAVREL, ce cabinet d&rsquo;avocat situ\u00e9 au c\u0153ur de Paris, traite de toutes questions qui touchent de pr\u00e8s ou de loin \u00e0 la d\u00e9fense des droits de l&rsquo;homme en France et \u00e0 l&rsquo;international.<\/p>\n<p>Les domaines d&rsquo;activit\u00e9 du cabinet sont les droits de l&rsquo;homme, le droit de l&rsquo;environnement, le droit p\u00e9nal et le droit international.<\/p>\n<p>A titre d&rsquo;illustration, le cabinet est comp\u00e9tent en mati\u00e8re de surveillance au travail, discrimination, violence polici\u00e8re, conditions de d\u00e9tention, extradition, CRPC, comparution devant la Cour d&rsquo;assises, aide aux victimes d&rsquo;infraction, non-respect par les multinationales de leur devoir de vigilance, atteintes \u00e0 l&rsquo;environnement et divorce international.<\/p>\n<p>Dans le domaine du droit international, le cabinet d\u00e9di\u00e9 aux droits de l&rsquo;homme repr\u00e9sente ses clients devant les tribunaux fran\u00e7ais, la Cour europ\u00e9enne des droits de l&rsquo;homme (CEDH), la Cour de Justice de l&rsquo;Union Europ\u00e9enne (CJUE), le Comit\u00e9 des droits de l&rsquo;homme des Nations Unies, la Cour interam\u00e9ricaine des droits de l&rsquo;homme et la Cour africaines des droits de l&rsquo;homme et des peuples.<\/p>\n<p>N&rsquo;h\u00e9sitez pas \u00e0 <a href=\"https:\/\/favrelavocat.com\/index.php\/blog\/blog-with-sidebar\/\">consulter notre blog<\/a> pour suivre l&rsquo;actualit\u00e9 du cabinet et lire nos analyses juridiques.<\/p>\n<p>Pour d\u00e9couvrir notre cabinet et en savoir plus sur notre mani\u00e8re de travailler, r\u00e9server une consultation de 30 minutes <a href=\"https:\/\/outlook.office.com\/book\/FAVRELAvocat1@favrelavocat.com\/\">ici<\/a>[\/vc_column_text][vc_separator type=\u00a0\u00bbtransparent\u00a0\u00bb up=\u00a0\u00bb90&Prime; down=\u00a0\u00bb0&Prime;][vc_row_inner row_type=\u00a0\u00bbrow\u00a0\u00bb type=\u00a0\u00bbgrid\u00a0\u00bb text_align=\u00a0\u00bbleft\u00a0\u00bb css_animation=\u00a0\u00bb\u00a0\u00bb][vc_column_inner width=\u00a0\u00bb1\/3&Prime;]<div class='q_icon_with_title  circle'><div class=\"icon_holder \" style=\" \"><div class=\"icon_holder_inner\" style=\"border-color: #ffffff;\"><span class=\"q_font_elegant_holder circle  custom-font\" style=\"font-size: 25px;border-color: #ffffff;background-color: #ecae80;\"><span class=\"icon_text_icon q_font_elegant_icon icon_currency_alt\" aria-hidden=\"true\"><\/span><\/span><\/div><\/div><div class=\"icon_text_holder\" style=\"padding-left: 99px\"><div class=\"icon_text_inner\" style=\"\"><h5 class=\"icon_title\" style=\"\">Prix clairs<\/h5><p style=''>Les clients qui le souhaitent peuvent opter pour une facturation forfaitaire. Cela permet de conna\u00eetre d\u00e8s la conclusion du contrat le co\u00fbt de la prestation du cabinet.<\/p><\/div><\/div><\/div>[vc_separator type=\u00a0\u00bbtransparent\u00a0\u00bb up=\u00a0\u00bb20&Prime; down=\u00a0\u00bb0&Prime;][\/vc_column_inner][vc_column_inner width=\u00a0\u00bb1\/3&Prime;]<div class='q_icon_with_title  circle'><div class=\"icon_holder \" style=\" \"><div class=\"icon_holder_inner\" style=\"border-color: #ffffff;\"><span class=\"q_font_elegant_holder circle  custom-font\" style=\"font-size: 25px;border-color: #ffffff;background-color: #ecae80;\"><span class=\"icon_text_icon q_font_elegant_icon icon_clock_alt\" aria-hidden=\"true\"><\/span><\/span><\/div><\/div><div class=\"icon_text_holder\" style=\"padding-left: 99px\"><div class=\"icon_text_inner\" style=\"\"><h5 class=\"icon_title\" style=\"\">Horaires adapt\u00e9s<\/h5><p style=''>Rendez-vous possible avant 09H00 et le samedi. Possibilit\u00e9 de rendez-vous par visioconf\u00e9rence pour les personnes vivant en Province ou \u00e0 l'\u00e9tranger.<\/p><\/div><\/div><\/div>[vc_separator type=\u00a0\u00bbtransparent\u00a0\u00bb up=\u00a0\u00bb20&Prime; down=\u00a0\u00bb0&Prime;][\/vc_column_inner][vc_column_inner width=\u00a0\u00bb1\/3&Prime;]<div class='q_icon_with_title  circle'><div class=\"icon_holder \" style=\" \"><div class=\"icon_holder_inner\" style=\"border-color: #ffffff;\"><span class=\"q_font_elegant_holder circle  custom-font\" style=\"font-size: 25px;border-color: #ffffff;background-color: #ecae80;\"><span class=\"icon_text_icon q_font_elegant_icon icon_globe_alt\" aria-hidden=\"true\"><\/span><\/span><\/div><\/div><div class=\"icon_text_holder\" style=\"padding-left: 99px\"><div class=\"icon_text_inner\" style=\"\"><h5 class=\"icon_title\" style=\"\">Souci de l'environnement<\/h5><p style=''>Pour \u00e9viter le papier, le cabinet propose \u00e0 ses clients une gestion totalement digitale des dossiers. Le cabinet utilise exclusivement du papier recycl\u00e9.<\/p><\/div><\/div><\/div>[vc_separator type=\u00a0\u00bbtransparent\u00a0\u00bb up=\u00a0\u00bb20&Prime; down=\u00a0\u00bb0&Prime;][\/vc_column_inner][\/vc_row_inner][\/vc_column][\/vc_row][vc_row row_type=\u00a0\u00bbrow\u00a0\u00bb type=\u00a0\u00bbfull_width\u00a0\u00bb text_align=\u00a0\u00bbleft\u00a0\u00bb video=\u00a0\u00bb\u00a0\u00bb css_animation=\u00a0\u00bb\u00a0\u00bb][vc_column][vc_column_text]<strong>POUR POSER UNE QUESTION OU PRENDRE RENDEZ VOUS, REMPLISSEZ CE FORMULAIRE.<\/strong>[\/vc_column_text][vc_separator type=\u00a0\u00bbtransparent\u00a0\u00bb up=\u00a0\u00bb90&Prime; down=\u00a0\u00bb0&Prime;][\/vc_column][\/vc_row][vc_row row_type=\u00a0\u00bbrow\u00a0\u00bb type=\u00a0\u00bbfull_width\u00a0\u00bb text_align=\u00a0\u00bbleft\u00a0\u00bb video=\u00a0\u00bb\u00a0\u00bb css_animation=\u00a0\u00bb\u00a0\u00bb][vc_column]\n<div class=\"wpcf7 no-js\" id=\"wpcf7-f20423-o1\" lang=\"fr-FR\" dir=\"ltr\" data-wpcf7-id=\"20423\">\n<div class=\"screen-reader-response\"><p role=\"status\" aria-live=\"polite\" aria-atomic=\"true\"><\/p> <ul><\/ul><\/div>\n<form action=\"\/index.php\/wp-json\/wp\/v2\/pages\/19422#wpcf7-f20423-o1\" method=\"post\" class=\"wpcf7-form init\" aria-label=\"Formulaire de contact\" novalidate=\"novalidate\" data-status=\"init\">\n<div style=\"display: none;\">\n<input type=\"hidden\" name=\"_wpcf7\" value=\"20423\" \/>\n<input type=\"hidden\" name=\"_wpcf7_version\" value=\"6.0.6\" \/>\n<input type=\"hidden\" name=\"_wpcf7_locale\" value=\"fr_FR\" \/>\n<input type=\"hidden\" name=\"_wpcf7_unit_tag\" value=\"wpcf7-f20423-o1\" \/>\n<input type=\"hidden\" name=\"_wpcf7_container_post\" value=\"0\" \/>\n<input type=\"hidden\" name=\"_wpcf7_posted_data_hash\" value=\"\" \/>\n<\/div>\n<p><label> VOTRE NOM (obligatoire)<br \/>\n<span class=\"wpcf7-form-control-wrap\" data-name=\"your-name\"><input size=\"40\" maxlength=\"400\" class=\"wpcf7-form-control wpcf7-text wpcf7-validates-as-required\" aria-required=\"true\" aria-invalid=\"false\" value=\"\" type=\"text\" name=\"your-name\" \/><\/span> <\/label>\n<\/p>\n<p><label> VOTRE ADRESSE DE MESSAGERIE (obligatoire)<br \/>\n<span class=\"wpcf7-form-control-wrap\" data-name=\"your-email\"><input size=\"40\" maxlength=\"400\" class=\"wpcf7-form-control wpcf7-email wpcf7-validates-as-required wpcf7-text wpcf7-validates-as-email\" aria-required=\"true\" aria-invalid=\"false\" value=\"\" type=\"email\" name=\"your-email\" \/><\/span> <\/label>\n<\/p>\n<p><label> OBJET<br \/>\n<span class=\"wpcf7-form-control-wrap\" data-name=\"your-subject\"><input size=\"40\" maxlength=\"400\" class=\"wpcf7-form-control wpcf7-text\" aria-invalid=\"false\" value=\"\" type=\"text\" name=\"your-subject\" \/><\/span> <\/label>\n<\/p>\n<p><label> VOTRE MESSAGE<br \/>\n<span class=\"wpcf7-form-control-wrap\" data-name=\"your-message\"><textarea cols=\"40\" rows=\"10\" maxlength=\"2000\" class=\"wpcf7-form-control wpcf7-textarea\" aria-invalid=\"false\" name=\"your-message\"><\/textarea><\/span> <\/label>\n<\/p>\n<p><input class=\"wpcf7-form-control wpcf7-submit has-spinner\" type=\"submit\" value=\"ENVOYER\" \/>\n<\/p><div class=\"wpcf7-response-output\" aria-hidden=\"true\"><\/div>\n<\/form>\n<\/div>\n[\/vc_column][\/vc_row]<\/p>\n","protected":false},"excerpt":{"rendered":"<p>[vc_row row_type=\u00a0\u00bbrow\u00a0\u00bb type=\u00a0\u00bbgrid\u00a0\u00bb text_align=\u00a0\u00bbleft\u00a0\u00bb video=\u00a0\u00bb\u00a0\u00bb padding_top=\u00a0\u00bb100&Prime; padding_bottom=\u00a0\u00bb90&Prime; css_animation=\u00a0\u00bb\u00a0\u00bb][vc_column][vc_separator type=\u00a0\u00bbtransparent\u00a0\u00bb up=\u00a0\u00bb25&Prime; down=\u00a0\u00bb0&Prime;][vc_column_text]Fond\u00e9 par Ma\u00eetre Gr\u00e2ce FAVREL, ce cabinet d&rsquo;avocat situ\u00e9 au c\u0153ur de Paris,&#8230;<\/p>\n","protected":false},"author":1,"featured_media":0,"parent":0,"menu_order":0,"comment_status":"open","ping_status":"closed","template":"full_width.php","meta":{"footnotes":""},"class_list":["post-19422","page","type-page","status-publish","hentry"],"yoast_head":"<!-- This site is optimized with the Yoast SEO plugin v25.2 - https:\/\/yoast.com\/wordpress\/plugins\/seo\/ -->\n<title>Page d&#039;accueil - Favrel Avocat<\/title>\n<meta name=\"description\" content=\"Ma\u00eetre Gr\u00e2ce Favrel, cabinet d&#039;avocat d\u00e9di\u00e9 aux droits de l&#039;homme bas\u00e9 \u00e0 Paris. Comp\u00e9tence CEDH, droit p\u00e9nal, droit de l&#039;environnement, droit international.\" \/>\n<meta name=\"robots\" content=\"index, follow, max-snippet:-1, max-image-preview:large, max-video-preview:-1\" \/>\n<link rel=\"canonical\" href=\"https:\/\/favrelavocat.com\/\" \/>\n<meta property=\"og:locale\" content=\"fr_FR\" \/>\n<meta property=\"og:type\" content=\"article\" \/>\n<meta property=\"og:title\" content=\"Page d&#039;accueil - Favrel Avocat\" \/>\n<meta property=\"og:description\" content=\"Ma\u00eetre Gr\u00e2ce Favrel, cabinet d&#039;avocat d\u00e9di\u00e9 aux droits de l&#039;homme bas\u00e9 \u00e0 Paris. Comp\u00e9tence CEDH, droit p\u00e9nal, droit de l&#039;environnement, droit international.\" \/>\n<meta property=\"og:url\" content=\"https:\/\/favrelavocat.com\/\" \/>\n<meta property=\"og:site_name\" content=\"Favrel Avocat\" \/>\n<meta property=\"article:modified_time\" content=\"2025-12-06T09:25:08+00:00\" \/>\n<meta name=\"twitter:card\" content=\"summary_large_image\" \/>\n<meta name=\"twitter:label1\" content=\"Dur\u00e9e de lecture estim\u00e9e\" \/>\n\t<meta name=\"twitter:data1\" content=\"2 minutes\" \/>\n<!-- \/ Yoast SEO plugin. -->","yoast_head_json":{"title":"Page d'accueil - Favrel Avocat","description":"Ma\u00eetre Gr\u00e2ce Favrel, cabinet d'avocat d\u00e9di\u00e9 aux droits de l'homme bas\u00e9 \u00e0 Paris. Comp\u00e9tence CEDH, droit p\u00e9nal, droit de l'environnement, droit international.","robots":{"index":"index","follow":"follow","max-snippet":"max-snippet:-1","max-image-preview":"max-image-preview:large","max-video-preview":"max-video-preview:-1"},"canonical":"https:\/\/favrelavocat.com\/","og_locale":"fr_FR","og_type":"article","og_title":"Page d'accueil - Favrel Avocat","og_description":"Ma\u00eetre Gr\u00e2ce Favrel, cabinet d'avocat d\u00e9di\u00e9 aux droits de l'homme bas\u00e9 \u00e0 Paris. Comp\u00e9tence CEDH, droit p\u00e9nal, droit de l'environnement, droit international.","og_url":"https:\/\/favrelavocat.com\/","og_site_name":"Favrel Avocat","article_modified_time":"2025-12-06T09:25:08+00:00","twitter_card":"summary_large_image","twitter_misc":{"Dur\u00e9e de lecture estim\u00e9e":"2 minutes"},"schema":{"@context":"https:\/\/schema.org","@graph":[{"@type":"WebPage","@id":"https:\/\/favrelavocat.com\/","url":"https:\/\/favrelavocat.com\/","name":"Page d'accueil - Favrel Avocat","isPartOf":{"@id":"https:\/\/favrelavocat.com\/#website"},"datePublished":"2014-06-20T12:31:15+00:00","dateModified":"2025-12-06T09:25:08+00:00","description":"Ma\u00eetre Gr\u00e2ce Favrel, cabinet d'avocat d\u00e9di\u00e9 aux droits de l'homme bas\u00e9 \u00e0 Paris. Comp\u00e9tence CEDH, droit p\u00e9nal, droit de l'environnement, droit international.","breadcrumb":{"@id":"https:\/\/favrelavocat.com\/#breadcrumb"},"inLanguage":"fr-FR","potentialAction":[{"@type":"ReadAction","target":["https:\/\/favrelavocat.com\/"]}]},{"@type":"BreadcrumbList","@id":"https:\/\/favrelavocat.com\/#breadcrumb","itemListElement":[{"@type":"ListItem","position":1,"name":"Home","item":"https:\/\/favrelavocat.com\/"},{"@type":"ListItem","position":2,"name":"Page d&rsquo;accueil"}]},{"@type":"WebSite","@id":"https:\/\/favrelavocat.com\/#website","url":"https:\/\/favrelavocat.com\/","name":"Favrel Avocat","description":"International Law","publisher":{"@id":"https:\/\/favrelavocat.com\/#organization"},"potentialAction":[{"@type":"SearchAction","target":{"@type":"EntryPoint","urlTemplate":"https:\/\/favrelavocat.com\/?s={search_term_string}"},"query-input":{"@type":"PropertyValueSpecification","valueRequired":true,"valueName":"search_term_string"}}],"inLanguage":"fr-FR"},{"@type":"Organization","@id":"https:\/\/favrelavocat.com\/#organization","name":"Favrel avocat","url":"https:\/\/favrelavocat.com\/","logo":{"@type":"ImageObject","inLanguage":"fr-FR","@id":"https:\/\/favrelavocat.com\/#\/schema\/logo\/image\/","url":"https:\/\/favrelavocat.com\/wp-content\/uploads\/2020\/02\/text42911-1.png","contentUrl":"https:\/\/favrelavocat.com\/wp-content\/uploads\/2020\/02\/text42911-1.png","width":1615,"height":627,"caption":"Favrel avocat"},"image":{"@id":"https:\/\/favrelavocat.com\/#\/schema\/logo\/image\/"}}]}},"_links":{"self":[{"href":"https:\/\/favrelavocat.com\/index.php\/wp-json\/wp\/v2\/pages\/19422","targetHints":{"allow":["GET"]}}],"collection":[{"href":"https:\/\/favrelavocat.com\/index.php\/wp-json\/wp\/v2\/pages"}],"about":[{"href":"https:\/\/favrelavocat.com\/index.php\/wp-json\/wp\/v2\/types\/page"}],"author":[{"embeddable":true,"href":"https:\/\/favrelavocat.com\/index.php\/wp-json\/wp\/v2\/users\/1"}],"replies":[{"embeddable":true,"href":"https:\/\/favrelavocat.com\/index.php\/wp-json\/wp\/v2\/comments?post=19422"}],"version-history":[{"count":32,"href":"https:\/\/favrelavocat.com\/index.php\/wp-json\/wp\/v2\/pages\/19422\/revisions"}],"predecessor-version":[{"id":21131,"href":"https:\/\/favrelavocat.com\/index.php\/wp-json\/wp\/v2\/pages\/19422\/revisions\/21131"}],"wp:attachment":[{"href":"https:\/\/favrelavocat.com\/index.php\/wp-json\/wp\/v2\/media?parent=19422"}],"curies":[{"name":"wp","href":"https:\/\/api.w.org\/{rel}","templated":true}]}}